{"id":1067,"date":"2021-05-01T11:28:08","date_gmt":"2021-05-01T11:28:08","guid":{"rendered":"https:\/\/lanovelerabar.com\/?page_id=1067"},"modified":"2022-02-06T18:38:29","modified_gmt":"2022-02-06T18:38:29","slug":"politica-privacidad","status":"publish","type":"page","link":"https:\/\/www.lanovelerabar.com\/fr\/politique-de-confidentialite\/","title":{"rendered":"politique de confidentialit\u00e9"},"content":{"rendered":"<div class=\"fusion-fullwidth fullwidth-box fusion-builder-row-1 nonhundred-percent-fullwidth non-hundred-percent-height-scrolling\"  style='background-color: #ffffff;background-position: center center;background-repeat: no-repeat;padding-top:0px;padding-right:0px;padding-bottom:0px;padding-left:0px;'><div class=\"fusion-builder-row fusion-row\"><div  class=\"fusion-layout-column fusion_builder_column fusion_builder_column_1_1 fusion-builder-column-0 fusion-one-full fusion-column-first fusion-column-last 1_1\"  style='margin-top:0px;margin-bottom:20px;'><div class=\"fusion-column-wrapper\" style=\"padding: 0px 0px 0px 0px;background-position:left top;background-repeat:no-repeat;-webkit-background-size:cover;-moz-background-size:cover;-o-background-size:cover;background-size:cover;\"   data-bg-url=\"\"><div class=\"fusion-text\"><div id=\"wrap\">\n<div id=\"content\">\n<div class=\"row\">\n<div class=\"span12\">\n<div class=\"vc_row wpb_row vc_row-fluid\">\n<div class=\"wpb_column vc_column_container vc_col-sm-12\">\n<div class=\"vc_column-inner\">\n<div class=\"wpb_wrapper\">\n<div class=\"wpb_text_column wpb_content_element\">\n<div class=\"wpb_wrapper\">\n<h4>1. INFORMATIONS SUR L'UTILISATEUR<\/h4>\n<div class=\"page\" title=\"Page 1\">\n<div class=\"layoutArea\">\n<div class=\"column\">\n<p>SALITRE 1986 SL, ci-apr\u00e8s RESPONSABLE, est le responsable du traitement des donn\u00e9es personnelles de l'Utilisateur et vous informe que ces donn\u00e9es seront trait\u00e9es conform\u00e9ment aux dispositions du r\u00e8glement (UE) 2016\/679 du 27 avril (GDPR) et de la loi organique 3\/2018 du 5 d\u00e9cembre (LOPDGDD), raison pour laquelle les informations de traitement suivantes vous sont fournies :<\/p>\n<\/div>\n<\/div>\n<\/div>\n<p>Finalit\u00e9 du traitement : entretenir une relation commerciale avec l'Utilisateur. Les op\u00e9rations envisag\u00e9es pour r\u00e9aliser le traitement sont :<\/p>\n<ul>\n<li>Envoi de communications publicitaires commerciales par courrier \u00e9lectronique, fax, SMS, MMS, communaut\u00e9s sociales ou tout autre moyen \u00e9lectronique ou physique, pr\u00e9sent ou futur, permettant des communications commerciales. Ces communications seront effectu\u00e9es par le RESPONSABLE et li\u00e9es \u00e0 ses produits et services, ou \u00e0 ceux de ses collaborateurs ou fournisseurs avec lesquels il a conclu un accord promotionnel. Dans ce cas, les tiers n'auront jamais acc\u00e8s aux donn\u00e9es personnelles.<\/li>\n<li>R\u00e9aliser des \u00e9tudes statistiques.<\/li>\n<li>Traiter les commandes, les demandes ou tout type de requ\u00eate formul\u00e9e par l'utilisateur \u00e0 travers l'un des formulaires de contact mis \u00e0 sa disposition.<\/li>\n<li>Envoyer le bulletin d'information du site web.<\/li>\n<\/ul>\n<p>Base juridique du traitement : consentement de la personne concern\u00e9e.<\/p>\n<p>Crit\u00e8res de conservation des donn\u00e9es : les donn\u00e9es seront conserv\u00e9es pendant 2 ans et, lorsqu'elles ne seront plus n\u00e9cessaires, elles seront supprim\u00e9es avec des mesures de s\u00e9curit\u00e9 appropri\u00e9es pour assurer la pseudonymisation des donn\u00e9es ou leur destruction totale.<\/p>\n<p>Droits de l'utilisateur :<\/p>\n<ul>\n<li>Droit de retirer le consentement \u00e0 tout moment.<\/li>\n<li>Le droit d'acc\u00e8s, de rectification, de portabilit\u00e9 et d'effacement de vos donn\u00e9es et le droit de limiter ou de s'opposer \u00e0 leur traitement.<\/li>\n<li>Le droit d'introduire une plainte aupr\u00e8s de l'autorit\u00e9 de surveillance (www.aepd.es) si vous estimez que le traitement n'est pas conforme \u00e0 la r\u00e9glementation en vigueur.<\/li>\n<\/ul>\n<p>Coordonn\u00e9es pour l'exercice de vos droits :<\/p>\n<p>SALITRE 1986 SL<br \/>Avd Islas Canarias 29 local 1<br \/>Costa Teguise, Las Palmas<br \/>+34928272972 \/ info@lanovelerabar.com<\/p>\n<h4>2. LE CARACT\u00c8RE OBLIGATOIRE OU FACULTATIF DES INFORMATIONS FOURNIES PAR L'UTILISATEUR<\/h4>\n<p>Les utilisateurs, en cochant les cases correspondantes et en saisissant les donn\u00e9es dans les champs marqu\u00e9s d'un ast\u00e9risque (*) dans le formulaire de contact ou pr\u00e9sent\u00e9s dans les formulaires de t\u00e9l\u00e9chargement, acceptent express\u00e9ment et librement et sans \u00e9quivoque que leurs donn\u00e9es sont n\u00e9cessaires pour r\u00e9pondre \u00e0 leur demande, par le fournisseur, \u00e9tant volontaire l'inclusion de donn\u00e9es dans les champs restants. L'Utilisateur garantit que les donn\u00e9es personnelles fournies au RESPONSABLE sont v\u00e9ridiques et est responsable de la communication de toute modification de celles-ci.<\/p>\n<p>Le RESPONSABLE informe et garantit express\u00e9ment aux utilisateurs que leurs donn\u00e9es personnelles ne seront en aucun cas c\u00e9d\u00e9es \u00e0 des tiers, et que chaque fois qu'un type de transfert de donn\u00e9es personnelles sera effectu\u00e9, le consentement expr\u00e8s, inform\u00e9 et sans \u00e9quivoque des Utilisateurs sera pr\u00e9alablement demand\u00e9. Toutes les donn\u00e9es demand\u00e9es par le biais du site web sont obligatoires, car elles sont n\u00e9cessaires \u00e0 la fourniture d'un service optimal \u00e0 l'utilisateur. Dans le cas o\u00f9 toutes les donn\u00e9es ne sont pas fournies, il n'est pas garanti que les informations et les services fournis soient compl\u00e8tement adapt\u00e9s \u00e0 vos besoins.<\/p>\n<h4>3. LES MESURES DE S\u00c9CURIT\u00c9<\/h4>\n<p>Que conform\u00e9ment aux dispositions de la r\u00e9glementation en vigueur en mati\u00e8re de protection des donn\u00e9es personnelles, le RESPONSABLE respecte toutes les dispositions de la r\u00e9glementation GDPR pour le traitement des donn\u00e9es personnelles sous sa responsabilit\u00e9, et manifestement les principes d\u00e9crits \u00e0 l'article 5 du GDPR, selon lesquels elles sont trait\u00e9es de mani\u00e8re licite, loyale et transparente par rapport \u00e0 la personne concern\u00e9e et sont ad\u00e9quates, pertinentes et limit\u00e9es \u00e0 ce qui est n\u00e9cessaire par rapport aux finalit\u00e9s pour lesquelles elles sont trait\u00e9es.<\/p>\n<p>Le RESPONSABLE garantit qu'il a mis en \u0153uvre des politiques techniques et organisationnelles appropri\u00e9es pour appliquer les mesures de s\u00e9curit\u00e9 pr\u00e9vues par le GDPR afin de prot\u00e9ger les droits et libert\u00e9s des Utilisateurs et qu'il a communiqu\u00e9 les informations appropri\u00e9es aux Utilisateurs pour leur permettre d'exercer ces droits et libert\u00e9s.<\/p>\n<p>\u00a0<\/p>\n<\/div>\n<p>\u00a0<\/p>\n<\/div>\n<\/div>\n<\/div>\n<\/div>\n<\/div>\n<\/div>\n<\/div>\n<\/div>\n<div id=\"footer\">\n<div class=\"row\">\n<div class=\"span12\">\n<div class=\"hr\">\u00a0<\/div>\n<\/div>\n<\/div>\n<div class=\"row\">\n<div class=\"span12\">\u00a0<\/div>\n<\/div>\n<\/div>\n<\/div>\n<div id=\"catapult-cookie-bar\" class=\"\">\u00a0<\/div>\n<\/div><div class=\"fusion-clearfix\"><\/div><\/div><\/div><\/div><\/div><style type=\"text\/css\">.fusion-fullwidth.fusion-builder-row-1 a:not(.fusion-button):not(.fusion-builder-module-control):not(.fusion-social-network-icon):not(.fb-icon-element):not(.fusion-countdown-link):not(.fusion-rollover-link):not(.fusion-rollover-gallery):not(.fusion-button-bar):not(.add_to_cart_button):not(.show_details_button):not(.product_type_external):not(.fusion-quick-view):not(.fusion-rollover-title-link):not(.fusion-breadcrumb-link) , .fusion-fullwidth.fusion-builder-row-1 a:not(.fusion-button):not(.fusion-builder-module-control):not(.fusion-social-network-icon):not(.fb-icon-element):not(.fusion-countdown-link):not(.fusion-rollover-link):not(.fusion-rollover-gallery):not(.fusion-button-bar):not(.add_to_cart_button):not(.show_details_button):not(.product_type_external):not(.fusion-quick-view):not(.fusion-rollover-title-link):not(.fusion-breadcrumb-link):before, .fusion-fullwidth.fusion-builder-row-1 a:not(.fusion-button):not(.fusion-builder-module-control):not(.fusion-social-network-icon):not(.fb-icon-element):not(.fusion-countdown-link):not(.fusion-rollover-link):not(.fusion-rollover-gallery):not(.fusion-button-bar):not(.add_to_cart_button):not(.show_details_button):not(.product_type_external):not(.fusion-quick-view):not(.fusion-rollover-title-link):not(.fusion-breadcrumb-link):after {color: #8bc34a;}.fusion-fullwidth.fusion-builder-row-1 a:not(.fusion-button):not(.fusion-builder-module-control):not(.fusion-social-network-icon):not(.fb-icon-element):not(.fusion-countdown-link):not(.fusion-rollover-link):not(.fusion-rollover-gallery):not(.fusion-button-bar):not(.add_to_cart_button):not(.show_details_button):not(.product_type_external):not(.fusion-quick-view):not(.fusion-rollover-title-link):not(.fusion-breadcrumb-link):hover, .fusion-fullwidth.fusion-builder-row-1 a:not(.fusion-button):not(.fusion-builder-module-control):not(.fusion-social-network-icon):not(.fb-icon-element):not(.fusion-countdown-link):not(.fusion-rollover-link):not(.fusion-rollover-gallery):not(.fusion-button-bar):not(.add_to_cart_button):not(.show_details_button):not(.product_type_external):not(.fusion-quick-view):not(.fusion-rollover-title-link):not(.fusion-breadcrumb-link):hover:before, .fusion-fullwidth.fusion-builder-row-1 a:not(.fusion-button):not(.fusion-builder-module-control):not(.fusion-social-network-icon):not(.fb-icon-element):not(.fusion-countdown-link):not(.fusion-rollover-link):not(.fusion-rollover-gallery):not(.fusion-button-bar):not(.add_to_cart_button):not(.show_details_button):not(.product_type_external):not(.fusion-quick-view):not(.fusion-rollover-title-link):not(.fusion-breadcrumb-link):hover:after {color: #c0996b;}.fusion-fullwidth.fusion-builder-row-1 .pagination a.inactive:hover, .fusion-fullwidth.fusion-builder-row-1 .fusion-filters .fusion-filter.fusion-active a {border-color: #c0996b;}.fusion-fullwidth.fusion-builder-row-1 .pagination .current {border-color: #c0996b; background-color: #c0996b;}.fusion-fullwidth.fusion-builder-row-1 .fusion-filters .fusion-filter.fusion-active a, .fusion-fullwidth.fusion-builder-row-1 .fusion-date-and-formats .fusion-format-box, .fusion-fullwidth.fusion-builder-row-1 .fusion-popover, .fusion-fullwidth.fusion-builder-row-1 .tooltip-shortcode {color: #c0996b;}#main .fusion-fullwidth.fusion-builder-row-1 .post .blog-shortcode-post-title a:hover {color: #c0996b;}<\/style>","protected":false},"excerpt":{"rendered":"","protected":false},"author":2,"featured_media":0,"parent":0,"menu_order":0,"comment_status":"closed","ping_status":"open","template":"","meta":{"footnotes":""},"class_list":["post-1067","page","type-page","status-publish","hentry"],"yoast_head":"<!-- This site is optimized with the Yoast SEO plugin v26.8 - https:\/\/yoast.com\/product\/yoast-seo-wordpress\/ -->\n<title>politica-privacidad - La Novelera Cocktails &amp; Beers<\/title>\n<meta name=\"robots\" content=\"index, follow, max-snippet:-1, max-image-preview:large, max-video-preview:-1\" \/>\n<link rel=\"canonical\" href=\"https:\/\/www.lanovelerabar.com\/fr\/politique-de-confidentialite\/\" \/>\n<meta property=\"og:locale\" content=\"fr_FR\" \/>\n<meta property=\"og:type\" content=\"article\" \/>\n<meta property=\"og:title\" content=\"politica-privacidad - La Novelera Cocktails &amp; Beers\" \/>\n<meta property=\"og:url\" content=\"https:\/\/www.lanovelerabar.com\/fr\/politique-de-confidentialite\/\" \/>\n<meta property=\"og:site_name\" content=\"La Novelera Cocktails &amp; Beers\" \/>\n<meta property=\"article:publisher\" content=\"https:\/\/www.facebook.com\/La-Novelera-Cocktail-Beers-892172587826591\" \/>\n<meta property=\"article:modified_time\" content=\"2022-02-06T18:38:29+00:00\" \/>\n<meta property=\"og:image\" content=\"https:\/\/www.lanovelerabar.com\/wp-content\/uploads\/2020\/05\/novelera.jpg\" \/>\n\t<meta property=\"og:image:width\" content=\"1468\" \/>\n\t<meta property=\"og:image:height\" content=\"989\" \/>\n\t<meta property=\"og:image:type\" content=\"image\/jpeg\" \/>\n<meta name=\"twitter:card\" content=\"summary_large_image\" \/>\n<meta name=\"twitter:label1\" content=\"Dur\u00e9e de lecture estim\u00e9e\" \/>\n\t<meta name=\"twitter:data1\" content=\"5 minutes\" \/>\n<script type=\"application\/ld+json\" class=\"yoast-schema-graph\">{\"@context\":\"https:\/\/schema.org\",\"@graph\":[{\"@type\":\"WebPage\",\"@id\":\"https:\/\/www.lanovelerabar.com\/politica-privacidad\/\",\"url\":\"https:\/\/www.lanovelerabar.com\/politica-privacidad\/\",\"name\":\"politica-privacidad - La Novelera Cocktails &amp; Beers\",\"isPartOf\":{\"@id\":\"https:\/\/www.lanovelerabar.com\/#website\"},\"datePublished\":\"2021-05-01T11:28:08+00:00\",\"dateModified\":\"2022-02-06T18:38:29+00:00\",\"breadcrumb\":{\"@id\":\"https:\/\/www.lanovelerabar.com\/politica-privacidad\/#breadcrumb\"},\"inLanguage\":\"fr-FR\",\"potentialAction\":[{\"@type\":\"ReadAction\",\"target\":[\"https:\/\/www.lanovelerabar.com\/politica-privacidad\/\"]}]},{\"@type\":\"BreadcrumbList\",\"@id\":\"https:\/\/www.lanovelerabar.com\/politica-privacidad\/#breadcrumb\",\"itemListElement\":[{\"@type\":\"ListItem\",\"position\":1,\"name\":\"Portada\",\"item\":\"https:\/\/www.lanovelerabar.com\/\"},{\"@type\":\"ListItem\",\"position\":2,\"name\":\"politica-privacidad\"}]},{\"@type\":\"WebSite\",\"@id\":\"https:\/\/www.lanovelerabar.com\/#website\",\"url\":\"https:\/\/www.lanovelerabar.com\/\",\"name\":\"La Novelera Bar Cocktails & Beers\",\"description\":\"Bar Cocteleria en Costa Teguise, disfruta de nuestra terraza con tus amigos en un ambiente agradable\",\"publisher\":{\"@id\":\"https:\/\/www.lanovelerabar.com\/#organization\"},\"potentialAction\":[{\"@type\":\"SearchAction\",\"target\":{\"@type\":\"EntryPoint\",\"urlTemplate\":\"https:\/\/www.lanovelerabar.com\/?s={search_term_string}\"},\"query-input\":{\"@type\":\"PropertyValueSpecification\",\"valueRequired\":true,\"valueName\":\"search_term_string\"}}],\"inLanguage\":\"fr-FR\"},{\"@type\":\"Organization\",\"@id\":\"https:\/\/www.lanovelerabar.com\/#organization\",\"name\":\"La Novelera Cocktail & Beers\",\"url\":\"https:\/\/www.lanovelerabar.com\/\",\"logo\":{\"@type\":\"ImageObject\",\"inLanguage\":\"fr-FR\",\"@id\":\"https:\/\/www.lanovelerabar.com\/#\/schema\/logo\/image\/\",\"url\":\"https:\/\/lanovelerabar.com\/wp-content\/uploads\/2020\/05\/novelera.jpg\",\"contentUrl\":\"https:\/\/lanovelerabar.com\/wp-content\/uploads\/2020\/05\/novelera.jpg\",\"width\":1468,\"height\":989,\"caption\":\"La Novelera Cocktail & Beers\"},\"image\":{\"@id\":\"https:\/\/www.lanovelerabar.com\/#\/schema\/logo\/image\/\"},\"sameAs\":[\"https:\/\/www.facebook.com\/La-Novelera-Cocktail-Beers-892172587826591\",\"https:\/\/www.instagram.com\/lanovelerabar\"]}]}<\/script>\n<!-- \/ Yoast SEO plugin. -->","yoast_head_json":{"title":"politica-privacidad - La Novelera Cocktails &amp; Beers","robots":{"index":"index","follow":"follow","max-snippet":"max-snippet:-1","max-image-preview":"max-image-preview:large","max-video-preview":"max-video-preview:-1"},"canonical":"https:\/\/www.lanovelerabar.com\/fr\/politique-de-confidentialite\/","og_locale":"fr_FR","og_type":"article","og_title":"politica-privacidad - La Novelera Cocktails &amp; Beers","og_url":"https:\/\/www.lanovelerabar.com\/fr\/politique-de-confidentialite\/","og_site_name":"La Novelera Cocktails &amp; Beers","article_publisher":"https:\/\/www.facebook.com\/La-Novelera-Cocktail-Beers-892172587826591","article_modified_time":"2022-02-06T18:38:29+00:00","og_image":[{"width":1468,"height":989,"url":"https:\/\/www.lanovelerabar.com\/wp-content\/uploads\/2020\/05\/novelera.jpg","type":"image\/jpeg"}],"twitter_card":"summary_large_image","twitter_misc":{"Dur\u00e9e de lecture estim\u00e9e":"5 minutes"},"schema":{"@context":"https:\/\/schema.org","@graph":[{"@type":"WebPage","@id":"https:\/\/www.lanovelerabar.com\/politica-privacidad\/","url":"https:\/\/www.lanovelerabar.com\/politica-privacidad\/","name":"politica-privacidad - La Novelera Cocktails &amp; Beers","isPartOf":{"@id":"https:\/\/www.lanovelerabar.com\/#website"},"datePublished":"2021-05-01T11:28:08+00:00","dateModified":"2022-02-06T18:38:29+00:00","breadcrumb":{"@id":"https:\/\/www.lanovelerabar.com\/politica-privacidad\/#breadcrumb"},"inLanguage":"fr-FR","potentialAction":[{"@type":"ReadAction","target":["https:\/\/www.lanovelerabar.com\/politica-privacidad\/"]}]},{"@type":"BreadcrumbList","@id":"https:\/\/www.lanovelerabar.com\/politica-privacidad\/#breadcrumb","itemListElement":[{"@type":"ListItem","position":1,"name":"Portada","item":"https:\/\/www.lanovelerabar.com\/"},{"@type":"ListItem","position":2,"name":"politica-privacidad"}]},{"@type":"WebSite","@id":"https:\/\/www.lanovelerabar.com\/#website","url":"https:\/\/www.lanovelerabar.com\/","name":"La Novelera Bar Cocktails & Beers","description":"Bar Cocteleria en Costa Teguise, disfruta de nuestra terraza con tus amigos en un ambiente agradable","publisher":{"@id":"https:\/\/www.lanovelerabar.com\/#organization"},"potentialAction":[{"@type":"SearchAction","target":{"@type":"EntryPoint","urlTemplate":"https:\/\/www.lanovelerabar.com\/?s={search_term_string}"},"query-input":{"@type":"PropertyValueSpecification","valueRequired":true,"valueName":"search_term_string"}}],"inLanguage":"fr-FR"},{"@type":"Organization","@id":"https:\/\/www.lanovelerabar.com\/#organization","name":"La Novelera Cocktail & Beers","url":"https:\/\/www.lanovelerabar.com\/","logo":{"@type":"ImageObject","inLanguage":"fr-FR","@id":"https:\/\/www.lanovelerabar.com\/#\/schema\/logo\/image\/","url":"https:\/\/lanovelerabar.com\/wp-content\/uploads\/2020\/05\/novelera.jpg","contentUrl":"https:\/\/lanovelerabar.com\/wp-content\/uploads\/2020\/05\/novelera.jpg","width":1468,"height":989,"caption":"La Novelera Cocktail & Beers"},"image":{"@id":"https:\/\/www.lanovelerabar.com\/#\/schema\/logo\/image\/"},"sameAs":["https:\/\/www.facebook.com\/La-Novelera-Cocktail-Beers-892172587826591","https:\/\/www.instagram.com\/lanovelerabar"]}]}},"_links":{"self":[{"href":"https:\/\/www.lanovelerabar.com\/fr\/wp-json\/wp\/v2\/pages\/1067","targetHints":{"allow":["GET"]}}],"collection":[{"href":"https:\/\/www.lanovelerabar.com\/fr\/wp-json\/wp\/v2\/pages"}],"about":[{"href":"https:\/\/www.lanovelerabar.com\/fr\/wp-json\/wp\/v2\/types\/page"}],"author":[{"embeddable":true,"href":"https:\/\/www.lanovelerabar.com\/fr\/wp-json\/wp\/v2\/users\/2"}],"replies":[{"embeddable":true,"href":"https:\/\/www.lanovelerabar.com\/fr\/wp-json\/wp\/v2\/comments?post=1067"}],"version-history":[{"count":2,"href":"https:\/\/www.lanovelerabar.com\/fr\/wp-json\/wp\/v2\/pages\/1067\/revisions"}],"predecessor-version":[{"id":1069,"href":"https:\/\/www.lanovelerabar.com\/fr\/wp-json\/wp\/v2\/pages\/1067\/revisions\/1069"}],"wp:attachment":[{"href":"https:\/\/www.lanovelerabar.com\/fr\/wp-json\/wp\/v2\/media?parent=1067"}],"curies":[{"name":"wp","href":"https:\/\/api.w.org\/{rel}","templated":true}]}}