{"id":1067,"date":"2021-05-01T11:28:08","date_gmt":"2021-05-01T11:28:08","guid":{"rendered":"https:\/\/lanovelerabar.com\/?page_id=1067"},"modified":"2022-02-06T18:38:29","modified_gmt":"2022-02-06T18:38:29","slug":"politica-privacidad","status":"publish","type":"page","link":"https:\/\/www.lanovelerabar.com\/de\/datenschutzbestimmungen\/","title":{"rendered":"Datenschutzbestimmungen"},"content":{"rendered":"<div class=\"fusion-fullwidth fullwidth-box fusion-builder-row-1 nonhundred-percent-fullwidth non-hundred-percent-height-scrolling\"  style='background-color: #ffffff;background-position: center center;background-repeat: no-repeat;padding-top:0px;padding-right:0px;padding-bottom:0px;padding-left:0px;'><div class=\"fusion-builder-row fusion-row\"><div  class=\"fusion-layout-column fusion_builder_column fusion_builder_column_1_1 fusion-builder-column-0 fusion-one-full fusion-column-first fusion-column-last 1_1\"  style='margin-top:0px;margin-bottom:20px;'><div class=\"fusion-column-wrapper\" style=\"padding: 0px 0px 0px 0px;background-position:left top;background-repeat:no-repeat;-webkit-background-size:cover;-moz-background-size:cover;-o-background-size:cover;background-size:cover;\"   data-bg-url=\"\"><div class=\"fusion-text\"><div id=\"wrap\">\n<div id=\"content\">\n<div class=\"row\">\n<div class=\"span12\">\n<div class=\"vc_row wpb_row vc_row-fluid\">\n<div class=\"wpb_column vc_column_container vc_col-sm-12\">\n<div class=\"vc_column-inner\">\n<div class=\"wpb_wrapper\">\n<div class=\"wpb_text_column wpb_content_element\">\n<div class=\"wpb_wrapper\">\n<h4>1. BENUTZERINFORMATIONEN<\/h4>\n<div class=\"page\" title=\"Seite 1\">\n<div class=\"layoutArea\">\n<div class=\"column\">\n<p>SALITRE 1986 SL, im Folgenden VERANTWORTLICHER, ist der Verantwortliche f\u00fcr die Verarbeitung der personenbezogenen Daten des Nutzers und informiert Sie dar\u00fcber, dass diese Daten in \u00dcbereinstimmung mit den Bestimmungen der Verordnung (EU) 2016\/679 vom 27. April (GDPR) und dem Organgesetz 3\/2018 vom 5. Dezember (LOPDGDD) verarbeitet werden, weshalb Sie die folgenden Informationen zur Verarbeitung erhalten:<\/p>\n<\/div>\n<\/div>\n<\/div>\n<p>Zweck der Verarbeitung: Aufrechterhaltung einer Gesch\u00e4ftsbeziehung mit dem Nutzer. Zur Durchf\u00fchrung der Verarbeitung sind folgende Vorg\u00e4nge vorgesehen:<\/p>\n<ul>\n<li>Versendung kommerzieller Werbemitteilungen per E-Mail, Fax, SMS, MMS, in sozialen Gemeinschaften oder \u00fcber andere gegenw\u00e4rtige oder zuk\u00fcnftige elektronische oder physische Mittel, die kommerzielle Mitteilungen erm\u00f6glichen. Diese Mitteilungen werden vom VERANTWORTLICHEN durchgef\u00fchrt und beziehen sich auf seine Produkte und Dienstleistungen oder auf die seiner Mitarbeiter oder Lieferanten, mit denen er eine Werbevereinbarung getroffen hat. In diesem Fall haben Dritte niemals Zugang zu personenbezogenen Daten.<\/li>\n<li>Durchf\u00fchrung von statistischen Studien.<\/li>\n<li>Zur Bearbeitung von Bestellungen, Anfragen oder Anfragen jeglicher Art, die der Nutzer \u00fcber eine der ihm zur Verf\u00fcgung gestellten Kontaktformen stellt.<\/li>\n<li>Versenden Sie den Newsletter der Website.<\/li>\n<\/ul>\n<p>Rechtsgrundlage f\u00fcr die Verarbeitung: Einwilligung der betroffenen Person.<\/p>\n<p>Kriterien f\u00fcr die Datenaufbewahrung: Die Daten werden 2 Jahre lang aufbewahrt und, wenn sie nicht mehr ben\u00f6tigt werden, mit geeigneten Sicherheitsma\u00dfnahmen gel\u00f6scht, um die Pseudonymisierung der Daten oder die vollst\u00e4ndige Vernichtung der Daten zu gew\u00e4hrleisten.<\/p>\n<p>Rechte des Nutzers:<\/p>\n<ul>\n<li>Recht auf jederzeitigen Widerruf der Einwilligung.<\/li>\n<li>Das Recht auf Zugang, Berichtigung, \u00dcbertragbarkeit und L\u00f6schung Ihrer Daten sowie das Recht, die Verarbeitung einzuschr\u00e4nken oder abzulehnen.<\/li>\n<li>Das Recht, eine Beschwerde bei der Aufsichtsbeh\u00f6rde (www.aepd.es) einzureichen, wenn Sie der Meinung sind, dass die Verarbeitung nicht mit den geltenden Vorschriften \u00fcbereinstimmt.<\/li>\n<\/ul>\n<p>Kontaktdaten f\u00fcr die Wahrnehmung Ihrer Rechte:<\/p>\n<p>SALITRE 1986 SL<br \/>Avd Islas Canarias 29 local 1<br \/>Costa Teguise, Las Palmas<br \/>+34928272972 \/ info@lanovelerabar.com<\/p>\n<h4>2. OBLIGATORISCHER ODER FAKULTATIVER CHARAKTER DER VOM NUTZER BEREITGESTELLTEN INFORMATIONEN<\/h4>\n<p>Mit dem Ankreuzen der entsprechenden K\u00e4stchen und der Eingabe von Daten in die mit einem Sternchen (*) gekennzeichneten Felder im Kontaktformular oder in den Download-Formularen akzeptieren die Nutzer ausdr\u00fccklich und frei und unmissverst\u00e4ndlich, dass ihre Daten f\u00fcr die Erf\u00fcllung ihrer Anfrage durch den Anbieter erforderlich sind, wobei die Eingabe von Daten in die \u00fcbrigen Felder freiwillig ist. Der Nutzer garantiert, dass die pers\u00f6nlichen Daten, die er dem VERANTWORTLICHEN zur Verf\u00fcgung stellt, der Wahrheit entsprechen, und ist daf\u00fcr verantwortlich, dass er alle \u00c4nderungen an diesen Daten mitteilt.<\/p>\n<p>Der VERANTWORTLICHE informiert und garantiert den Nutzern ausdr\u00fccklich, dass ihre pers\u00f6nlichen Daten unter keinen Umst\u00e4nden an Dritte weitergegeben werden und dass bei jeder Art der Weitergabe von pers\u00f6nlichen Daten zuvor die ausdr\u00fcckliche, informierte und eindeutige Zustimmung der Nutzer eingeholt wird. Alle \u00fcber die Website angeforderten Daten sind obligatorisch, da sie f\u00fcr die Bereitstellung eines optimalen Dienstes f\u00fcr den Nutzer erforderlich sind. Falls nicht alle Daten angegeben werden, kann nicht garantiert werden, dass die angebotenen Informationen und Dienstleistungen vollst\u00e4ndig auf Ihre Bed\u00fcrfnisse zugeschnitten sind.<\/p>\n<h4>3. SICHERHEITSMASSNAHMEN<\/h4>\n<p>dass der VERANTWORTLICHE in \u00dcbereinstimmung mit den Bestimmungen der geltenden Vorschriften zum Schutz personenbezogener Daten alle Bestimmungen der DSGVO f\u00fcr die Verarbeitung personenbezogener Daten unter seiner Verantwortung einh\u00e4lt und offensichtlich die in Artikel 5 der DSGVO beschriebenen Grunds\u00e4tze einh\u00e4lt, wonach die Daten rechtm\u00e4\u00dfig, nach Treu und Glauben und in transparenter Weise gegen\u00fcber der betroffenen Person verarbeitet werden und den Zwecken, f\u00fcr die sie verarbeitet werden, entsprechen, daf\u00fcr erheblich sind und auf das Notwendige beschr\u00e4nkt sind.<\/p>\n<p>Die VERANTWORTLICHE PARTEI garantiert, dass sie geeignete technische und organisatorische Ma\u00dfnahmen zur Umsetzung der in der DSGVO festgelegten Sicherheitsma\u00dfnahmen zum Schutz der Rechte und Freiheiten der Nutzer ergriffen hat und den Nutzern geeignete Informationen zur Verf\u00fcgung gestellt hat, damit sie diese Rechte und Freiheiten aus\u00fcben k\u00f6nnen.<\/p>\n<p>\u00a0<\/p>\n<\/div>\n<p>\u00a0<\/p>\n<\/div>\n<\/div>\n<\/div>\n<\/div>\n<\/div>\n<\/div>\n<\/div>\n<\/div>\n<div id=\"footer\">\n<div class=\"row\">\n<div class=\"span12\">\n<div class=\"hr\">\u00a0<\/div>\n<\/div>\n<\/div>\n<div class=\"row\">\n<div class=\"span12\">\u00a0<\/div>\n<\/div>\n<\/div>\n<\/div>\n<div id=\"catapult-cookie-bar\" class=\"\">\u00a0<\/div>\n<\/div><div class=\"fusion-clearfix\"><\/div><\/div><\/div><\/div><\/div><style type=\"text\/css\">.fusion-fullwidth.fusion-builder-row-1 a:not(.fusion-button):not(.fusion-builder-module-control):not(.fusion-social-network-icon):not(.fb-icon-element):not(.fusion-countdown-link):not(.fusion-rollover-link):not(.fusion-rollover-gallery):not(.fusion-button-bar):not(.add_to_cart_button):not(.show_details_button):not(.product_type_external):not(.fusion-quick-view):not(.fusion-rollover-title-link):not(.fusion-breadcrumb-link) , .fusion-fullwidth.fusion-builder-row-1 a:not(.fusion-button):not(.fusion-builder-module-control):not(.fusion-social-network-icon):not(.fb-icon-element):not(.fusion-countdown-link):not(.fusion-rollover-link):not(.fusion-rollover-gallery):not(.fusion-button-bar):not(.add_to_cart_button):not(.show_details_button):not(.product_type_external):not(.fusion-quick-view):not(.fusion-rollover-title-link):not(.fusion-breadcrumb-link):before, .fusion-fullwidth.fusion-builder-row-1 a:not(.fusion-button):not(.fusion-builder-module-control):not(.fusion-social-network-icon):not(.fb-icon-element):not(.fusion-countdown-link):not(.fusion-rollover-link):not(.fusion-rollover-gallery):not(.fusion-button-bar):not(.add_to_cart_button):not(.show_details_button):not(.product_type_external):not(.fusion-quick-view):not(.fusion-rollover-title-link):not(.fusion-breadcrumb-link):after {color: #8bc34a;}.fusion-fullwidth.fusion-builder-row-1 a:not(.fusion-button):not(.fusion-builder-module-control):not(.fusion-social-network-icon):not(.fb-icon-element):not(.fusion-countdown-link):not(.fusion-rollover-link):not(.fusion-rollover-gallery):not(.fusion-button-bar):not(.add_to_cart_button):not(.show_details_button):not(.product_type_external):not(.fusion-quick-view):not(.fusion-rollover-title-link):not(.fusion-breadcrumb-link):hover, .fusion-fullwidth.fusion-builder-row-1 a:not(.fusion-button):not(.fusion-builder-module-control):not(.fusion-social-network-icon):not(.fb-icon-element):not(.fusion-countdown-link):not(.fusion-rollover-link):not(.fusion-rollover-gallery):not(.fusion-button-bar):not(.add_to_cart_button):not(.show_details_button):not(.product_type_external):not(.fusion-quick-view):not(.fusion-rollover-title-link):not(.fusion-breadcrumb-link):hover:before, .fusion-fullwidth.fusion-builder-row-1 a:not(.fusion-button):not(.fusion-builder-module-control):not(.fusion-social-network-icon):not(.fb-icon-element):not(.fusion-countdown-link):not(.fusion-rollover-link):not(.fusion-rollover-gallery):not(.fusion-button-bar):not(.add_to_cart_button):not(.show_details_button):not(.product_type_external):not(.fusion-quick-view):not(.fusion-rollover-title-link):not(.fusion-breadcrumb-link):hover:after {color: #c0996b;}.fusion-fullwidth.fusion-builder-row-1 .pagination a.inactive:hover, .fusion-fullwidth.fusion-builder-row-1 .fusion-filters .fusion-filter.fusion-active a {border-color: #c0996b;}.fusion-fullwidth.fusion-builder-row-1 .pagination .current {border-color: #c0996b; background-color: #c0996b;}.fusion-fullwidth.fusion-builder-row-1 .fusion-filters .fusion-filter.fusion-active a, .fusion-fullwidth.fusion-builder-row-1 .fusion-date-and-formats .fusion-format-box, .fusion-fullwidth.fusion-builder-row-1 .fusion-popover, .fusion-fullwidth.fusion-builder-row-1 .tooltip-shortcode {color: #c0996b;}#main .fusion-fullwidth.fusion-builder-row-1 .post .blog-shortcode-post-title a:hover {color: #c0996b;}<\/style>","protected":false},"excerpt":{"rendered":"","protected":false},"author":2,"featured_media":0,"parent":0,"menu_order":0,"comment_status":"closed","ping_status":"open","template":"","meta":{"footnotes":""},"class_list":["post-1067","page","type-page","status-publish","hentry"],"yoast_head":"<!-- This site is optimized with the Yoast SEO plugin v26.8 - https:\/\/yoast.com\/product\/yoast-seo-wordpress\/ -->\n<title>politica-privacidad - La Novelera Cocktails &amp; Beers<\/title>\n<meta name=\"robots\" content=\"index, follow, max-snippet:-1, max-image-preview:large, max-video-preview:-1\" \/>\n<link rel=\"canonical\" href=\"https:\/\/www.lanovelerabar.com\/de\/datenschutzbestimmungen\/\" \/>\n<meta property=\"og:locale\" content=\"de_DE\" \/>\n<meta property=\"og:type\" content=\"article\" \/>\n<meta property=\"og:title\" content=\"politica-privacidad - La Novelera Cocktails &amp; Beers\" \/>\n<meta property=\"og:url\" content=\"https:\/\/www.lanovelerabar.com\/de\/datenschutzbestimmungen\/\" \/>\n<meta property=\"og:site_name\" content=\"La Novelera Cocktails &amp; Beers\" \/>\n<meta property=\"article:publisher\" content=\"https:\/\/www.facebook.com\/La-Novelera-Cocktail-Beers-892172587826591\" \/>\n<meta property=\"article:modified_time\" content=\"2022-02-06T18:38:29+00:00\" \/>\n<meta property=\"og:image\" content=\"https:\/\/www.lanovelerabar.com\/wp-content\/uploads\/2020\/05\/novelera.jpg\" \/>\n\t<meta property=\"og:image:width\" content=\"1468\" \/>\n\t<meta property=\"og:image:height\" content=\"989\" \/>\n\t<meta property=\"og:image:type\" content=\"image\/jpeg\" \/>\n<meta name=\"twitter:card\" content=\"summary_large_image\" \/>\n<meta name=\"twitter:label1\" content=\"Gesch\u00e4tzte Lesezeit\" \/>\n\t<meta name=\"twitter:data1\" content=\"5\u00a0Minuten\" \/>\n<script type=\"application\/ld+json\" class=\"yoast-schema-graph\">{\"@context\":\"https:\/\/schema.org\",\"@graph\":[{\"@type\":\"WebPage\",\"@id\":\"https:\/\/www.lanovelerabar.com\/politica-privacidad\/\",\"url\":\"https:\/\/www.lanovelerabar.com\/politica-privacidad\/\",\"name\":\"politica-privacidad - La Novelera Cocktails &amp; Beers\",\"isPartOf\":{\"@id\":\"https:\/\/www.lanovelerabar.com\/#website\"},\"datePublished\":\"2021-05-01T11:28:08+00:00\",\"dateModified\":\"2022-02-06T18:38:29+00:00\",\"breadcrumb\":{\"@id\":\"https:\/\/www.lanovelerabar.com\/politica-privacidad\/#breadcrumb\"},\"inLanguage\":\"de\",\"potentialAction\":[{\"@type\":\"ReadAction\",\"target\":[\"https:\/\/www.lanovelerabar.com\/politica-privacidad\/\"]}]},{\"@type\":\"BreadcrumbList\",\"@id\":\"https:\/\/www.lanovelerabar.com\/politica-privacidad\/#breadcrumb\",\"itemListElement\":[{\"@type\":\"ListItem\",\"position\":1,\"name\":\"Portada\",\"item\":\"https:\/\/www.lanovelerabar.com\/\"},{\"@type\":\"ListItem\",\"position\":2,\"name\":\"politica-privacidad\"}]},{\"@type\":\"WebSite\",\"@id\":\"https:\/\/www.lanovelerabar.com\/#website\",\"url\":\"https:\/\/www.lanovelerabar.com\/\",\"name\":\"La Novelera Bar Cocktails & Beers\",\"description\":\"Bar Cocteleria en Costa Teguise, disfruta de nuestra terraza con tus amigos en un ambiente agradable\",\"publisher\":{\"@id\":\"https:\/\/www.lanovelerabar.com\/#organization\"},\"potentialAction\":[{\"@type\":\"SearchAction\",\"target\":{\"@type\":\"EntryPoint\",\"urlTemplate\":\"https:\/\/www.lanovelerabar.com\/?s={search_term_string}\"},\"query-input\":{\"@type\":\"PropertyValueSpecification\",\"valueRequired\":true,\"valueName\":\"search_term_string\"}}],\"inLanguage\":\"de\"},{\"@type\":\"Organization\",\"@id\":\"https:\/\/www.lanovelerabar.com\/#organization\",\"name\":\"La Novelera Cocktail & Beers\",\"url\":\"https:\/\/www.lanovelerabar.com\/\",\"logo\":{\"@type\":\"ImageObject\",\"inLanguage\":\"de\",\"@id\":\"https:\/\/www.lanovelerabar.com\/#\/schema\/logo\/image\/\",\"url\":\"https:\/\/lanovelerabar.com\/wp-content\/uploads\/2020\/05\/novelera.jpg\",\"contentUrl\":\"https:\/\/lanovelerabar.com\/wp-content\/uploads\/2020\/05\/novelera.jpg\",\"width\":1468,\"height\":989,\"caption\":\"La Novelera Cocktail & Beers\"},\"image\":{\"@id\":\"https:\/\/www.lanovelerabar.com\/#\/schema\/logo\/image\/\"},\"sameAs\":[\"https:\/\/www.facebook.com\/La-Novelera-Cocktail-Beers-892172587826591\",\"https:\/\/www.instagram.com\/lanovelerabar\"]}]}<\/script>\n<!-- \/ Yoast SEO plugin. -->","yoast_head_json":{"title":"politica-privacidad - La Novelera Cocktails &amp; Beers","robots":{"index":"index","follow":"follow","max-snippet":"max-snippet:-1","max-image-preview":"max-image-preview:large","max-video-preview":"max-video-preview:-1"},"canonical":"https:\/\/www.lanovelerabar.com\/de\/datenschutzbestimmungen\/","og_locale":"de_DE","og_type":"article","og_title":"politica-privacidad - La Novelera Cocktails &amp; Beers","og_url":"https:\/\/www.lanovelerabar.com\/de\/datenschutzbestimmungen\/","og_site_name":"La Novelera Cocktails &amp; Beers","article_publisher":"https:\/\/www.facebook.com\/La-Novelera-Cocktail-Beers-892172587826591","article_modified_time":"2022-02-06T18:38:29+00:00","og_image":[{"width":1468,"height":989,"url":"https:\/\/www.lanovelerabar.com\/wp-content\/uploads\/2020\/05\/novelera.jpg","type":"image\/jpeg"}],"twitter_card":"summary_large_image","twitter_misc":{"Gesch\u00e4tzte Lesezeit":"5\u00a0Minuten"},"schema":{"@context":"https:\/\/schema.org","@graph":[{"@type":"WebPage","@id":"https:\/\/www.lanovelerabar.com\/politica-privacidad\/","url":"https:\/\/www.lanovelerabar.com\/politica-privacidad\/","name":"politica-privacidad - La Novelera Cocktails &amp; Beers","isPartOf":{"@id":"https:\/\/www.lanovelerabar.com\/#website"},"datePublished":"2021-05-01T11:28:08+00:00","dateModified":"2022-02-06T18:38:29+00:00","breadcrumb":{"@id":"https:\/\/www.lanovelerabar.com\/politica-privacidad\/#breadcrumb"},"inLanguage":"de","potentialAction":[{"@type":"ReadAction","target":["https:\/\/www.lanovelerabar.com\/politica-privacidad\/"]}]},{"@type":"BreadcrumbList","@id":"https:\/\/www.lanovelerabar.com\/politica-privacidad\/#breadcrumb","itemListElement":[{"@type":"ListItem","position":1,"name":"Portada","item":"https:\/\/www.lanovelerabar.com\/"},{"@type":"ListItem","position":2,"name":"politica-privacidad"}]},{"@type":"WebSite","@id":"https:\/\/www.lanovelerabar.com\/#website","url":"https:\/\/www.lanovelerabar.com\/","name":"La Novelera Bar Cocktails & Beers","description":"Bar Cocteleria en Costa Teguise, disfruta de nuestra terraza con tus amigos en un ambiente agradable","publisher":{"@id":"https:\/\/www.lanovelerabar.com\/#organization"},"potentialAction":[{"@type":"SearchAction","target":{"@type":"EntryPoint","urlTemplate":"https:\/\/www.lanovelerabar.com\/?s={search_term_string}"},"query-input":{"@type":"PropertyValueSpecification","valueRequired":true,"valueName":"search_term_string"}}],"inLanguage":"de"},{"@type":"Organization","@id":"https:\/\/www.lanovelerabar.com\/#organization","name":"La Novelera Cocktail & Beers","url":"https:\/\/www.lanovelerabar.com\/","logo":{"@type":"ImageObject","inLanguage":"de","@id":"https:\/\/www.lanovelerabar.com\/#\/schema\/logo\/image\/","url":"https:\/\/lanovelerabar.com\/wp-content\/uploads\/2020\/05\/novelera.jpg","contentUrl":"https:\/\/lanovelerabar.com\/wp-content\/uploads\/2020\/05\/novelera.jpg","width":1468,"height":989,"caption":"La Novelera Cocktail & Beers"},"image":{"@id":"https:\/\/www.lanovelerabar.com\/#\/schema\/logo\/image\/"},"sameAs":["https:\/\/www.facebook.com\/La-Novelera-Cocktail-Beers-892172587826591","https:\/\/www.instagram.com\/lanovelerabar"]}]}},"_links":{"self":[{"href":"https:\/\/www.lanovelerabar.com\/de\/wp-json\/wp\/v2\/pages\/1067","targetHints":{"allow":["GET"]}}],"collection":[{"href":"https:\/\/www.lanovelerabar.com\/de\/wp-json\/wp\/v2\/pages"}],"about":[{"href":"https:\/\/www.lanovelerabar.com\/de\/wp-json\/wp\/v2\/types\/page"}],"author":[{"embeddable":true,"href":"https:\/\/www.lanovelerabar.com\/de\/wp-json\/wp\/v2\/users\/2"}],"replies":[{"embeddable":true,"href":"https:\/\/www.lanovelerabar.com\/de\/wp-json\/wp\/v2\/comments?post=1067"}],"version-history":[{"count":2,"href":"https:\/\/www.lanovelerabar.com\/de\/wp-json\/wp\/v2\/pages\/1067\/revisions"}],"predecessor-version":[{"id":1069,"href":"https:\/\/www.lanovelerabar.com\/de\/wp-json\/wp\/v2\/pages\/1067\/revisions\/1069"}],"wp:attachment":[{"href":"https:\/\/www.lanovelerabar.com\/de\/wp-json\/wp\/v2\/media?parent=1067"}],"curies":[{"name":"wp","href":"https:\/\/api.w.org\/{rel}","templated":true}]}}